{"id":15,"date":"2022-04-04T19:43:24","date_gmt":"2022-04-04T19:43:24","guid":{"rendered":"http:\/\/machmastering.dk\/?page_id=15"},"modified":"2026-01-12T10:34:15","modified_gmt":"2026-01-12T09:34:15","slug":"kontakt","status":"publish","type":"page","link":"https:\/\/machmastering.dk\/en\/kontakt\/","title":{"rendered":"Contact"},"content":{"rendered":"<div style=\"height:1px\" aria-hidden=\"true\" class=\"wp-block-spacer\"><\/div>\n\n\n\n<h2 class=\"wp-block-heading has-text-align-center tw-mt-5 has-text-color has-link-color wp-elements-c32083a4691b912661ca1362b74aeb28\" style=\"color:#e0f5ff\">CONTACT<\/h2>\n\n\n\n<div class=\"wp-block-columns is-layout-flex wp-container-core-columns-is-layout-1 wp-block-columns-is-layout-flex\">\n<div class=\"wp-block-column has-text-color has-link-color wp-elements-7c750759df0154dcc8c73697ee69e0d2 is-layout-flow wp-block-column-is-layout-flow\" style=\"--col-width:100%;color:#e0f5ff;flex-basis:100%\">\n<p style=\"font-style:normal;font-weight:400\">If you have any questions, please get in touch by e-mail, phone or by sending a message through Instagram.<\/p>\n<\/div>\n<\/div>\n\n\n\n<div class=\"wp-block-columns is-layout-flex wp-container-core-columns-is-layout-2 wp-block-columns-is-layout-flex\">\n<div class=\"wp-block-column has-text-color has-link-color wp-elements-414e8da95f24212a5a1ff15cf6ee844d is-layout-flow wp-block-column-is-layout-flow\" style=\"color:#e0f5ff\">\n<p style=\"font-style:normal;font-weight:400\">Phone: (+45) 51 14 89 26<\/p>\n\n\n\n<p style=\"font-style:normal;font-weight:400\">E-mail: <a href=\"mailto:marcus@machmastering.dk\">marcus@machmastering.dk<\/a><\/p>\n\n\n\n<p style=\"font-style:normal;font-weight:400\">Instagram: <a href=\"https:\/\/www.instagram.com\/machmasteringdk\/\">@machmasteringdk<\/a><br><\/p>\n<\/div>\n<\/div>\n\n\n\n<div class=\"wp-block-group\" style=\"border-style:dotted;border-width:1px;padding-top:10px;padding-right:10px;padding-bottom:10px;padding-left:10px\"><div class=\"wp-block-group__inner-container is-layout-flow wp-block-group-is-layout-flow\">\n<p class=\"has-text-align-center has-text-color has-link-color wp-elements-daab623ff63ab9d9621bbbf2f7346928\" style=\"color:#e0f5ff;font-style:normal;font-weight:400\">Have you already got a confirmation from me, and want to transfer your files?<\/p>\n\n\n\n<p class=\"has-text-align-center has-text-color has-link-color wp-elements-9ebd10544c04abaf7be3db4d61057f9a\" style=\"color:#e0f5ff;font-style:normal;font-weight:400\"><a href=\"http:\/\/machmastering.dk\/index.php\/upload\/\" data-type=\"page\" data-id=\"169\">Upload here<\/a><\/p>\n<\/div><\/div>","protected":false},"excerpt":{"rendered":"<p>KONTAKT Kontakt mig endelig p\u00e5 mail, telefon eller med en besked p\u00e5 Instagram, hvis du har sp\u00f8rgsm\u00e5l. Telefon: (+45) 51 14 89 26 E-mail: marcus@machmastering.dk Instagram: @machmasteringdk Har du allerede f\u00e5et en bekr\u00e6ftelse fra mig, og vil sende dine filer? Upload her<\/p>","protected":false},"author":1,"featured_media":0,"parent":0,"menu_order":0,"comment_status":"closed","ping_status":"closed","template":"","meta":{"footnotes":""},"class_list":["post-15","page","type-page","status-publish","hentry"],"yoast_head":"<!-- This site is optimized with the Yoast SEO plugin v25.5 - https:\/\/yoast.com\/wordpress\/plugins\/seo\/ -->\n<title>Kontakt - MACH Mastering<\/title>\n<meta name=\"description\" content=\"Kontakt MACH her hvis du har sp\u00c3\u00b8rgsm\u00c3\u00a5l, eller \u00c3\u00b8nsker mixing\/mastering.\" \/>\n<meta name=\"robots\" content=\"index, follow, max-snippet:-1, max-image-preview:large, max-video-preview:-1\" \/>\n<link rel=\"canonical\" href=\"https:\/\/machmastering.dk\/en\/kontakt\/\" \/>\n<meta property=\"og:locale\" content=\"en_GB\" \/>\n<meta property=\"og:type\" content=\"article\" \/>\n<meta property=\"og:title\" content=\"Kontakt - MACH Mastering\" \/>\n<meta property=\"og:description\" content=\"Kontakt MACH her hvis du har sp\u00c3\u00b8rgsm\u00c3\u00a5l, eller \u00c3\u00b8nsker mixing\/mastering.\" \/>\n<meta property=\"og:url\" content=\"https:\/\/machmastering.dk\/en\/kontakt\/\" \/>\n<meta property=\"og:site_name\" content=\"MACH Mastering\" \/>\n<meta property=\"article:modified_time\" content=\"2026-01-12T09:34:15+00:00\" \/>\n<meta property=\"og:image\" content=\"https:\/\/machmastering.dk\/wp-content\/uploads\/2024\/07\/Small_MACH_LogoWhite_GreyBckg-scaled.jpg\" \/>\n\t<meta property=\"og:image:width\" content=\"2560\" \/>\n\t<meta property=\"og:image:height\" content=\"2560\" \/>\n\t<meta property=\"og:image:type\" content=\"image\/jpeg\" \/>\n<meta name=\"twitter:card\" content=\"summary_large_image\" \/>\n<meta name=\"twitter:label1\" content=\"Estimated reading time\" \/>\n\t<meta name=\"twitter:data1\" content=\"1 minute\" \/>\n<script type=\"application\/ld+json\" class=\"yoast-schema-graph\">{\"@context\":\"https:\/\/schema.org\",\"@graph\":[{\"@type\":[\"WebPage\",\"ContactPage\"],\"@id\":\"https:\/\/machmastering.dk\/kontakt\/\",\"url\":\"https:\/\/machmastering.dk\/kontakt\/\",\"name\":\"Kontakt - MACH Mastering\",\"isPartOf\":{\"@id\":\"http:\/\/machmastering.dk\/#website\"},\"datePublished\":\"2022-04-04T19:43:24+00:00\",\"dateModified\":\"2026-01-12T09:34:15+00:00\",\"description\":\"Kontakt MACH her hvis du har sp\u00c3\u00b8rgsm\u00c3\u00a5l, eller \u00c3\u00b8nsker mixing\/mastering.\",\"breadcrumb\":{\"@id\":\"https:\/\/machmastering.dk\/kontakt\/#breadcrumb\"},\"inLanguage\":\"en-GB\",\"potentialAction\":[{\"@type\":\"ReadAction\",\"target\":[\"https:\/\/machmastering.dk\/kontakt\/\"]}]},{\"@type\":\"BreadcrumbList\",\"@id\":\"https:\/\/machmastering.dk\/kontakt\/#breadcrumb\",\"itemListElement\":[{\"@type\":\"ListItem\",\"position\":1,\"name\":\"Home\",\"item\":\"https:\/\/machmastering.dk\/\"},{\"@type\":\"ListItem\",\"position\":2,\"name\":\"Kontakt\"}]},{\"@type\":\"WebSite\",\"@id\":\"http:\/\/machmastering.dk\/#website\",\"url\":\"http:\/\/machmastering.dk\/\",\"name\":\"MACH Mastering\",\"description\":\"Mastering Studio, Denmark\",\"publisher\":{\"@id\":\"http:\/\/machmastering.dk\/#organization\"},\"potentialAction\":[{\"@type\":\"SearchAction\",\"target\":{\"@type\":\"EntryPoint\",\"urlTemplate\":\"http:\/\/machmastering.dk\/?s={search_term_string}\"},\"query-input\":{\"@type\":\"PropertyValueSpecification\",\"valueRequired\":true,\"valueName\":\"search_term_string\"}}],\"inLanguage\":\"en-GB\"},{\"@type\":\"Organization\",\"@id\":\"http:\/\/machmastering.dk\/#organization\",\"name\":\"MACH Mastering\",\"url\":\"http:\/\/machmastering.dk\/\",\"logo\":{\"@type\":\"ImageObject\",\"inLanguage\":\"en-GB\",\"@id\":\"http:\/\/machmastering.dk\/#\/schema\/logo\/image\/\",\"url\":\"https:\/\/machmastering.dk\/wp-content\/uploads\/2025\/10\/Logo_2025_Trns.png\",\"contentUrl\":\"https:\/\/machmastering.dk\/wp-content\/uploads\/2025\/10\/Logo_2025_Trns.png\",\"width\":3000,\"height\":3000,\"caption\":\"MACH Mastering\"},\"image\":{\"@id\":\"http:\/\/machmastering.dk\/#\/schema\/logo\/image\/\"},\"sameAs\":[\"https:\/\/www.instagram.com\/machmasteringdk\/\"]}]}<\/script>\n<!-- \/ Yoast SEO plugin. -->","yoast_head_json":{"title":"Kontakt - MACH Mastering","description":"Kontakt MACH her hvis du har sp\u00c3\u00b8rgsm\u00c3\u00a5l, eller \u00c3\u00b8nsker mixing\/mastering.","robots":{"index":"index","follow":"follow","max-snippet":"max-snippet:-1","max-image-preview":"max-image-preview:large","max-video-preview":"max-video-preview:-1"},"canonical":"https:\/\/machmastering.dk\/en\/kontakt\/","og_locale":"en_GB","og_type":"article","og_title":"Kontakt - MACH Mastering","og_description":"Kontakt MACH her hvis du har sp\u00c3\u00b8rgsm\u00c3\u00a5l, eller \u00c3\u00b8nsker mixing\/mastering.","og_url":"https:\/\/machmastering.dk\/en\/kontakt\/","og_site_name":"MACH Mastering","article_modified_time":"2026-01-12T09:34:15+00:00","og_image":[{"width":2560,"height":2560,"url":"https:\/\/machmastering.dk\/wp-content\/uploads\/2024\/07\/Small_MACH_LogoWhite_GreyBckg-scaled.jpg","type":"image\/jpeg"}],"twitter_card":"summary_large_image","twitter_misc":{"Estimated reading time":"1 minute"},"schema":{"@context":"https:\/\/schema.org","@graph":[{"@type":["WebPage","ContactPage"],"@id":"https:\/\/machmastering.dk\/kontakt\/","url":"https:\/\/machmastering.dk\/kontakt\/","name":"Kontakt - MACH Mastering","isPartOf":{"@id":"http:\/\/machmastering.dk\/#website"},"datePublished":"2022-04-04T19:43:24+00:00","dateModified":"2026-01-12T09:34:15+00:00","description":"Kontakt MACH her hvis du har sp\u00c3\u00b8rgsm\u00c3\u00a5l, eller \u00c3\u00b8nsker mixing\/mastering.","breadcrumb":{"@id":"https:\/\/machmastering.dk\/kontakt\/#breadcrumb"},"inLanguage":"en-GB","potentialAction":[{"@type":"ReadAction","target":["https:\/\/machmastering.dk\/kontakt\/"]}]},{"@type":"BreadcrumbList","@id":"https:\/\/machmastering.dk\/kontakt\/#breadcrumb","itemListElement":[{"@type":"ListItem","position":1,"name":"Home","item":"https:\/\/machmastering.dk\/"},{"@type":"ListItem","position":2,"name":"Kontakt"}]},{"@type":"WebSite","@id":"http:\/\/machmastering.dk\/#website","url":"http:\/\/machmastering.dk\/","name":"MACH Mastering","description":"Mastering Studio, Denmark","publisher":{"@id":"http:\/\/machmastering.dk\/#organization"},"potentialAction":[{"@type":"SearchAction","target":{"@type":"EntryPoint","urlTemplate":"http:\/\/machmastering.dk\/?s={search_term_string}"},"query-input":{"@type":"PropertyValueSpecification","valueRequired":true,"valueName":"search_term_string"}}],"inLanguage":"en-GB"},{"@type":"Organization","@id":"http:\/\/machmastering.dk\/#organization","name":"MACH Mastering","url":"http:\/\/machmastering.dk\/","logo":{"@type":"ImageObject","inLanguage":"en-GB","@id":"http:\/\/machmastering.dk\/#\/schema\/logo\/image\/","url":"https:\/\/machmastering.dk\/wp-content\/uploads\/2025\/10\/Logo_2025_Trns.png","contentUrl":"https:\/\/machmastering.dk\/wp-content\/uploads\/2025\/10\/Logo_2025_Trns.png","width":3000,"height":3000,"caption":"MACH Mastering"},"image":{"@id":"http:\/\/machmastering.dk\/#\/schema\/logo\/image\/"},"sameAs":["https:\/\/www.instagram.com\/machmasteringdk\/"]}]}},"_links":{"self":[{"href":"https:\/\/machmastering.dk\/en\/wp-json\/wp\/v2\/pages\/15"}],"collection":[{"href":"https:\/\/machmastering.dk\/en\/wp-json\/wp\/v2\/pages"}],"about":[{"href":"https:\/\/machmastering.dk\/en\/wp-json\/wp\/v2\/types\/page"}],"author":[{"embeddable":true,"href":"https:\/\/machmastering.dk\/en\/wp-json\/wp\/v2\/users\/1"}],"replies":[{"embeddable":true,"href":"https:\/\/machmastering.dk\/en\/wp-json\/wp\/v2\/comments?post=15"}],"version-history":[{"count":32,"href":"https:\/\/machmastering.dk\/en\/wp-json\/wp\/v2\/pages\/15\/revisions"}],"predecessor-version":[{"id":1759,"href":"https:\/\/machmastering.dk\/en\/wp-json\/wp\/v2\/pages\/15\/revisions\/1759"}],"wp:attachment":[{"href":"https:\/\/machmastering.dk\/en\/wp-json\/wp\/v2\/media?parent=15"}],"curies":[{"name":"wp","href":"https:\/\/api.w.org\/{rel}","templated":true}]}}