{"id":1130,"date":"2025-07-16T12:12:25","date_gmt":"2025-07-16T11:12:25","guid":{"rendered":"http:\/\/machmastering.dk\/?page_id=1130"},"modified":"2026-01-12T10:38:28","modified_gmt":"2026-01-12T09:38:28","slug":"machservices","status":"publish","type":"page","link":"https:\/\/machmastering.dk\/en\/machservices\/","title":{"rendered":"MACH's Services"},"content":{"rendered":"<h2 class=\"wp-block-heading has-text-align-center tw-mt-5 has-text-color has-link-color wp-elements-d007e41ac54ccb86f1e4522b89449f44\" style=\"color:#e0f5ff\">MACHs SERVICES<\/h2>\n\n\n\n<div class=\"wp-block-columns alignwide is-layout-flex wp-container-core-columns-is-layout-1 wp-block-columns-is-layout-flex\">\n<div class=\"wp-block-column is-layout-flow wp-block-column-is-layout-flow\" style=\"--col-width:100%;flex-basis:100%\">\n<div class=\"wp-block-group alignwide\"><div class=\"wp-block-group__inner-container is-layout-constrained wp-block-group-is-layout-constrained\">\n<div class=\"wp-block-media-text alignwide has-media-on-the-right is-stacked-on-mobile tw-mt-0 is-style-tw-shadow has-background\" style=\"background-color:#8e8c7c;padding-top:var(--wp--preset--spacing--40);padding-right:var(--wp--preset--spacing--40);padding-bottom:var(--wp--preset--spacing--40);padding-left:var(--wp--preset--spacing--40)\" id=\"stereo-master\"><div class=\"wp-block-media-text__content\">\n<h4 class=\"wp-block-heading has-subtle-background-color has-text-color has-link-color wp-elements-400ab1039d7df993748f1889334629d5\">Stereo Mastering<\/h4>\n\n\n\n<p class=\"has-subtle-background-color has-text-color has-link-color wp-elements-5d0fea131c413241865f6a14ad01b288\" style=\"font-style:normal;font-weight:300\">If your mix is final and has the right vibe, you can choose to get a stereo master. The music will go through a carefully considered process. You'll end up with a fully complete product - ready for release!<\/p>\n<\/div><figure class=\"wp-block-media-text__media\"><img loading=\"lazy\" decoding=\"async\" width=\"1024\" height=\"576\" src=\"http:\/\/machmastering.dk\/wp-content\/uploads\/2025\/10\/red2-1024x576.jpg\" alt=\"\" class=\"wp-image-1431 size-full\" srcset=\"https:\/\/machmastering.dk\/wp-content\/uploads\/2025\/10\/red2-1024x576.jpg 1024w, https:\/\/machmastering.dk\/wp-content\/uploads\/2025\/10\/red2-300x169.jpg 300w, https:\/\/machmastering.dk\/wp-content\/uploads\/2025\/10\/red2-768x432.jpg 768w, https:\/\/machmastering.dk\/wp-content\/uploads\/2025\/10\/red2-1536x864.jpg 1536w, https:\/\/machmastering.dk\/wp-content\/uploads\/2025\/10\/red2-18x10.jpg 18w, https:\/\/machmastering.dk\/wp-content\/uploads\/2025\/10\/red2-1200x675.jpg 1200w, https:\/\/machmastering.dk\/wp-content\/uploads\/2025\/10\/red2.jpg 1920w\" sizes=\"(max-width: 1024px) 100vw, 1024px\" \/><\/figure><\/div>\n\n\n\n<div class=\"wp-block-media-text alignwide has-media-on-the-right is-stacked-on-mobile tw-mt-0 is-style-tw-shadow has-background-background-color has-background\" style=\"padding-top:var(--wp--preset--spacing--40);padding-right:var(--wp--preset--spacing--40);padding-bottom:var(--wp--preset--spacing--40);padding-left:var(--wp--preset--spacing--40)\" id=\"stem-master\"><div class=\"wp-block-media-text__content\">\n<h4 class=\"wp-block-heading has-text-color has-link-color wp-elements-a7131d2b1000e0b762a33b82b89ab726\" style=\"color:#e0f5ff\">Stem Mastering<\/h4>\n\n\n\n<p class=\"has-text-color has-link-color wp-elements-5f6776aadfd00c07c89f1c41d67c46ba\" style=\"color:#e0f5ff;font-style:normal;font-weight:300\">Does your mix need the final overall adjustments? Vocal\/guitars\/drums need just a bit of tweaking? Then stem mastering is the way to go. This means that you'll deliver 3-5 \"groups\" (stems), categorized by e.g. instrument groups, effects, role in the song, spectral content etc. These stems can be adjusted individually which gives much more flexibility and a higher level of control during the mastering process.<\/p>\n<\/div><figure class=\"wp-block-media-text__media\"><img loading=\"lazy\" decoding=\"async\" width=\"1024\" height=\"576\" src=\"http:\/\/machmastering.dk\/wp-content\/uploads\/2025\/10\/red3-1024x576.jpg\" alt=\"\" class=\"wp-image-1432 size-full\" srcset=\"https:\/\/machmastering.dk\/wp-content\/uploads\/2025\/10\/red3-1024x576.jpg 1024w, https:\/\/machmastering.dk\/wp-content\/uploads\/2025\/10\/red3-300x169.jpg 300w, https:\/\/machmastering.dk\/wp-content\/uploads\/2025\/10\/red3-768x432.jpg 768w, https:\/\/machmastering.dk\/wp-content\/uploads\/2025\/10\/red3-1536x864.jpg 1536w, https:\/\/machmastering.dk\/wp-content\/uploads\/2025\/10\/red3-18x10.jpg 18w, https:\/\/machmastering.dk\/wp-content\/uploads\/2025\/10\/red3-1200x675.jpg 1200w, https:\/\/machmastering.dk\/wp-content\/uploads\/2025\/10\/red3.jpg 1920w\" sizes=\"(max-width: 1024px) 100vw, 1024px\" \/><\/figure><\/div>\n\n\n\n<div class=\"wp-block-media-text alignwide has-media-on-the-right is-stacked-on-mobile tw-mt-0 is-style-tw-shadow has-background\" style=\"background-color:#8e8c7c;padding-top:var(--wp--preset--spacing--40);padding-right:var(--wp--preset--spacing--40);padding-bottom:var(--wp--preset--spacing--40);padding-left:var(--wp--preset--spacing--40)\" id=\"stem-mix\"><div class=\"wp-block-media-text__content\">\n<h4 class=\"wp-block-heading has-subtle-background-color has-text-color has-link-color wp-elements-ca629ca352f076d8e6e7656aa867dda8\">Stem Mixing<\/h4>\n\n\n\n<p class=\"has-subtle-background-color has-text-color has-link-color wp-elements-2dfedf23b973489f09f17819de83b908\" style=\"font-style:normal;font-weight:300\">Have you already made a mix, but need help to get it across the finish line? Then a stem mix is a good idea! A stem mix consists of stems, put together by you. MACH will do stem mixes from 10-20 stems. This makes it possible to do detailed fixes that will improve your mix, while retaining the original aesthetics of the mix. Only small adjustments will be made, preparing the mix for an optimal mastering process.<\/p>\n<\/div><figure class=\"wp-block-media-text__media\"><img loading=\"lazy\" decoding=\"async\" width=\"1024\" height=\"576\" src=\"http:\/\/machmastering.dk\/wp-content\/uploads\/2025\/10\/red1-1024x576.jpg\" alt=\"\" class=\"wp-image-1433 size-full\" srcset=\"https:\/\/machmastering.dk\/wp-content\/uploads\/2025\/10\/red1-1024x576.jpg 1024w, https:\/\/machmastering.dk\/wp-content\/uploads\/2025\/10\/red1-300x169.jpg 300w, https:\/\/machmastering.dk\/wp-content\/uploads\/2025\/10\/red1-768x432.jpg 768w, https:\/\/machmastering.dk\/wp-content\/uploads\/2025\/10\/red1-1536x864.jpg 1536w, https:\/\/machmastering.dk\/wp-content\/uploads\/2025\/10\/red1-18x10.jpg 18w, https:\/\/machmastering.dk\/wp-content\/uploads\/2025\/10\/red1-1200x675.jpg 1200w, https:\/\/machmastering.dk\/wp-content\/uploads\/2025\/10\/red1.jpg 1920w\" sizes=\"(max-width: 1024px) 100vw, 1024px\" \/><\/figure><\/div>\n<\/div><\/div>\n<\/div>\n<\/div>\n\n\n\n<div class=\"wp-block-columns alignwide is-layout-flex wp-container-core-columns-is-layout-2 wp-block-columns-is-layout-flex\">\n<div class=\"wp-block-column is-layout-flow wp-block-column-is-layout-flow\" style=\"--col-width:100%;flex-basis:100%\">\n<div class=\"wp-block-buttons is-content-justification-center is-layout-flex wp-container-core-buttons-is-layout-1 wp-block-buttons-is-layout-flex\">\n<div class=\"wp-block-button has-custom-width wp-block-button__width-50 has-custom-font-size is-style-outline has-larger-font-size is-style-outline--90159678df5f207a6aca2f4fb8210b01 tw-block-animation tw-animation-scale-in\"><a class=\"wp-block-button__link has-background-background-color has-text-color has-background has-link-color wp-element-button\" href=\"http:\/\/machmastering.dk\/en\/priser\/\" style=\"color:#e0f5ff\"><strong>RATES<\/strong><\/a><\/div>\n<\/div>\n<\/div>\n<\/div>\n\n\n\n<p><\/p>","protected":false},"excerpt":{"rendered":"<p>MACHs SERVICES Stereo Mastering Hvis dit mix er helt f\u00e6rdigt, har det rigtige udtryk, og den rigtige vibe, kan du f\u00e5 lavet en stereo master. Musikken gennemg\u00e5r en n\u00f8je overvejet proces, s\u00e5 du i sidste ende st\u00e5r med et helt f\u00e6rdigt produkt &#8211; klar til udgivelse! Stem Mastering Mangler dit mix de sidste overordnede justeringer?&hellip;<\/p>","protected":false},"author":1,"featured_media":0,"parent":0,"menu_order":0,"comment_status":"closed","ping_status":"closed","template":"","meta":{"footnotes":""},"class_list":["post-1130","page","type-page","status-publish","hentry"],"yoast_head":"<!-- This site is optimized with the Yoast SEO plugin v25.5 - https:\/\/yoast.com\/wordpress\/plugins\/seo\/ -->\n<title>MACHs Services - MACH Mastering<\/title>\n<meta name=\"description\" content=\"L\u00c3\u00a6s mere om MACHs services her - Stereo Mastering - Stem Mastering - Stem Mixing\" \/>\n<meta name=\"robots\" content=\"index, follow, max-snippet:-1, max-image-preview:large, max-video-preview:-1\" \/>\n<link rel=\"canonical\" href=\"https:\/\/machmastering.dk\/en\/machservices\/\" \/>\n<meta property=\"og:locale\" content=\"en_GB\" \/>\n<meta property=\"og:type\" content=\"article\" \/>\n<meta property=\"og:title\" content=\"MACHs Services - MACH Mastering\" \/>\n<meta property=\"og:description\" content=\"L\u00c3\u00a6s mere om MACHs services her - Stereo Mastering - Stem Mastering - Stem Mixing\" \/>\n<meta property=\"og:url\" content=\"https:\/\/machmastering.dk\/en\/machservices\/\" \/>\n<meta property=\"og:site_name\" content=\"MACH Mastering\" \/>\n<meta property=\"article:modified_time\" content=\"2026-01-12T09:38:28+00:00\" \/>\n<meta property=\"og:image\" content=\"https:\/\/machmastering.dk\/wp-content\/uploads\/2025\/10\/red2.jpg\" \/>\n\t<meta property=\"og:image:width\" content=\"1920\" \/>\n\t<meta property=\"og:image:height\" content=\"1080\" \/>\n\t<meta property=\"og:image:type\" content=\"image\/jpeg\" \/>\n<meta name=\"twitter:card\" content=\"summary_large_image\" \/>\n<meta name=\"twitter:label1\" content=\"Estimated reading time\" \/>\n\t<meta name=\"twitter:data1\" content=\"2 minutes\" \/>\n<script type=\"application\/ld+json\" class=\"yoast-schema-graph\">{\"@context\":\"https:\/\/schema.org\",\"@graph\":[{\"@type\":\"WebPage\",\"@id\":\"https:\/\/machmastering.dk\/machservices\/\",\"url\":\"https:\/\/machmastering.dk\/machservices\/\",\"name\":\"MACHs Services - MACH Mastering\",\"isPartOf\":{\"@id\":\"http:\/\/machmastering.dk\/#website\"},\"primaryImageOfPage\":{\"@id\":\"https:\/\/machmastering.dk\/machservices\/#primaryimage\"},\"image\":{\"@id\":\"https:\/\/machmastering.dk\/machservices\/#primaryimage\"},\"thumbnailUrl\":\"http:\/\/machmastering.dk\/wp-content\/uploads\/2025\/10\/red2-1024x576.jpg\",\"datePublished\":\"2025-07-16T11:12:25+00:00\",\"dateModified\":\"2026-01-12T09:38:28+00:00\",\"description\":\"L\u00c3\u00a6s mere om MACHs services her - Stereo Mastering - Stem Mastering - Stem Mixing\",\"breadcrumb\":{\"@id\":\"https:\/\/machmastering.dk\/machservices\/#breadcrumb\"},\"inLanguage\":\"en-GB\",\"potentialAction\":[{\"@type\":\"ReadAction\",\"target\":[\"https:\/\/machmastering.dk\/machservices\/\"]}]},{\"@type\":\"ImageObject\",\"inLanguage\":\"en-GB\",\"@id\":\"https:\/\/machmastering.dk\/machservices\/#primaryimage\",\"url\":\"http:\/\/machmastering.dk\/wp-content\/uploads\/2025\/10\/red2-1024x576.jpg\",\"contentUrl\":\"http:\/\/machmastering.dk\/wp-content\/uploads\/2025\/10\/red2-1024x576.jpg\"},{\"@type\":\"BreadcrumbList\",\"@id\":\"https:\/\/machmastering.dk\/machservices\/#breadcrumb\",\"itemListElement\":[{\"@type\":\"ListItem\",\"position\":1,\"name\":\"Home\",\"item\":\"https:\/\/machmastering.dk\/\"},{\"@type\":\"ListItem\",\"position\":2,\"name\":\"MACHs Services\"}]},{\"@type\":\"WebSite\",\"@id\":\"http:\/\/machmastering.dk\/#website\",\"url\":\"http:\/\/machmastering.dk\/\",\"name\":\"MACH Mastering\",\"description\":\"Mastering Studio, Denmark\",\"publisher\":{\"@id\":\"http:\/\/machmastering.dk\/#organization\"},\"potentialAction\":[{\"@type\":\"SearchAction\",\"target\":{\"@type\":\"EntryPoint\",\"urlTemplate\":\"http:\/\/machmastering.dk\/?s={search_term_string}\"},\"query-input\":{\"@type\":\"PropertyValueSpecification\",\"valueRequired\":true,\"valueName\":\"search_term_string\"}}],\"inLanguage\":\"en-GB\"},{\"@type\":\"Organization\",\"@id\":\"http:\/\/machmastering.dk\/#organization\",\"name\":\"MACH Mastering\",\"url\":\"http:\/\/machmastering.dk\/\",\"logo\":{\"@type\":\"ImageObject\",\"inLanguage\":\"en-GB\",\"@id\":\"http:\/\/machmastering.dk\/#\/schema\/logo\/image\/\",\"url\":\"https:\/\/machmastering.dk\/wp-content\/uploads\/2025\/10\/Logo_2025_Trns.png\",\"contentUrl\":\"https:\/\/machmastering.dk\/wp-content\/uploads\/2025\/10\/Logo_2025_Trns.png\",\"width\":3000,\"height\":3000,\"caption\":\"MACH Mastering\"},\"image\":{\"@id\":\"http:\/\/machmastering.dk\/#\/schema\/logo\/image\/\"},\"sameAs\":[\"https:\/\/www.instagram.com\/machmasteringdk\/\"]}]}<\/script>\n<!-- \/ Yoast SEO plugin. -->","yoast_head_json":{"title":"MACHs Services - MACH Mastering","description":"L\u00c3\u00a6s mere om MACHs services her - Stereo Mastering - Stem Mastering - Stem Mixing","robots":{"index":"index","follow":"follow","max-snippet":"max-snippet:-1","max-image-preview":"max-image-preview:large","max-video-preview":"max-video-preview:-1"},"canonical":"https:\/\/machmastering.dk\/en\/machservices\/","og_locale":"en_GB","og_type":"article","og_title":"MACHs Services - MACH Mastering","og_description":"L\u00c3\u00a6s mere om MACHs services her - Stereo Mastering - Stem Mastering - Stem Mixing","og_url":"https:\/\/machmastering.dk\/en\/machservices\/","og_site_name":"MACH Mastering","article_modified_time":"2026-01-12T09:38:28+00:00","og_image":[{"width":1920,"height":1080,"url":"https:\/\/machmastering.dk\/wp-content\/uploads\/2025\/10\/red2.jpg","type":"image\/jpeg"}],"twitter_card":"summary_large_image","twitter_misc":{"Estimated reading time":"2 minutes"},"schema":{"@context":"https:\/\/schema.org","@graph":[{"@type":"WebPage","@id":"https:\/\/machmastering.dk\/machservices\/","url":"https:\/\/machmastering.dk\/machservices\/","name":"MACHs Services - MACH Mastering","isPartOf":{"@id":"http:\/\/machmastering.dk\/#website"},"primaryImageOfPage":{"@id":"https:\/\/machmastering.dk\/machservices\/#primaryimage"},"image":{"@id":"https:\/\/machmastering.dk\/machservices\/#primaryimage"},"thumbnailUrl":"http:\/\/machmastering.dk\/wp-content\/uploads\/2025\/10\/red2-1024x576.jpg","datePublished":"2025-07-16T11:12:25+00:00","dateModified":"2026-01-12T09:38:28+00:00","description":"L\u00c3\u00a6s mere om MACHs services her - Stereo Mastering - Stem Mastering - Stem Mixing","breadcrumb":{"@id":"https:\/\/machmastering.dk\/machservices\/#breadcrumb"},"inLanguage":"en-GB","potentialAction":[{"@type":"ReadAction","target":["https:\/\/machmastering.dk\/machservices\/"]}]},{"@type":"ImageObject","inLanguage":"en-GB","@id":"https:\/\/machmastering.dk\/machservices\/#primaryimage","url":"http:\/\/machmastering.dk\/wp-content\/uploads\/2025\/10\/red2-1024x576.jpg","contentUrl":"http:\/\/machmastering.dk\/wp-content\/uploads\/2025\/10\/red2-1024x576.jpg"},{"@type":"BreadcrumbList","@id":"https:\/\/machmastering.dk\/machservices\/#breadcrumb","itemListElement":[{"@type":"ListItem","position":1,"name":"Home","item":"https:\/\/machmastering.dk\/"},{"@type":"ListItem","position":2,"name":"MACHs Services"}]},{"@type":"WebSite","@id":"http:\/\/machmastering.dk\/#website","url":"http:\/\/machmastering.dk\/","name":"MACH Mastering","description":"Mastering Studio, Denmark","publisher":{"@id":"http:\/\/machmastering.dk\/#organization"},"potentialAction":[{"@type":"SearchAction","target":{"@type":"EntryPoint","urlTemplate":"http:\/\/machmastering.dk\/?s={search_term_string}"},"query-input":{"@type":"PropertyValueSpecification","valueRequired":true,"valueName":"search_term_string"}}],"inLanguage":"en-GB"},{"@type":"Organization","@id":"http:\/\/machmastering.dk\/#organization","name":"MACH Mastering","url":"http:\/\/machmastering.dk\/","logo":{"@type":"ImageObject","inLanguage":"en-GB","@id":"http:\/\/machmastering.dk\/#\/schema\/logo\/image\/","url":"https:\/\/machmastering.dk\/wp-content\/uploads\/2025\/10\/Logo_2025_Trns.png","contentUrl":"https:\/\/machmastering.dk\/wp-content\/uploads\/2025\/10\/Logo_2025_Trns.png","width":3000,"height":3000,"caption":"MACH Mastering"},"image":{"@id":"http:\/\/machmastering.dk\/#\/schema\/logo\/image\/"},"sameAs":["https:\/\/www.instagram.com\/machmasteringdk\/"]}]}},"_links":{"self":[{"href":"https:\/\/machmastering.dk\/en\/wp-json\/wp\/v2\/pages\/1130"}],"collection":[{"href":"https:\/\/machmastering.dk\/en\/wp-json\/wp\/v2\/pages"}],"about":[{"href":"https:\/\/machmastering.dk\/en\/wp-json\/wp\/v2\/types\/page"}],"author":[{"embeddable":true,"href":"https:\/\/machmastering.dk\/en\/wp-json\/wp\/v2\/users\/1"}],"replies":[{"embeddable":true,"href":"https:\/\/machmastering.dk\/en\/wp-json\/wp\/v2\/comments?post=1130"}],"version-history":[{"count":64,"href":"https:\/\/machmastering.dk\/en\/wp-json\/wp\/v2\/pages\/1130\/revisions"}],"predecessor-version":[{"id":1762,"href":"https:\/\/machmastering.dk\/en\/wp-json\/wp\/v2\/pages\/1130\/revisions\/1762"}],"wp:attachment":[{"href":"https:\/\/machmastering.dk\/en\/wp-json\/wp\/v2\/media?parent=1130"}],"curies":[{"name":"wp","href":"https:\/\/api.w.org\/{rel}","templated":true}]}}